{"id":20,"date":"2023-09-20T16:36:20","date_gmt":"2023-09-20T16:36:20","guid":{"rendered":"https:\/\/anwaltskanzlei-dietrich.de\/?page_id=20"},"modified":"2023-09-22T09:31:34","modified_gmt":"2023-09-22T09:31:34","slug":"impressum","status":"publish","type":"page","link":"https:\/\/anwaltskanzlei-dietrich.de\/?page_id=20","title":{"rendered":"Impressum"},"content":{"rendered":"\n<p><strong>Betreiber dieser Internetseite<\/strong><\/p>\n\n\n\n<p>Gabriele Dietrich<br>Rechtsanw\u00e4ltin<br>Mitglied der Rechtsanwaltskammer M\u00fcnchen<\/p>\n\n\n\n<p><strong>Rechtsanw\u00e4ltin Gabriele Dietrich<\/strong>:<\/p>\n\n\n\n<p>Sitz: F\u00f6hrenstra\u00dfe 15, 82281 Egenhofen<\/p>\n\n\n\n<p>Telefon: 08134 93 59 506<br>Telefax: 08134 93 59 507<br>E-Mail: <a href=\"mailto:kunz@kp-law.de\">i<\/a>nfo@Anwaltskanzlei-Dietrich.de<\/p>\n\n\n\n<p><strong>Steuer-Nr&nbsp;117\/211\/40409<\/strong><br>Finanzamt F\u00fcrstenfeldbruck<\/p>\n\n\n\n<p><strong>Berufshaftpflichtversicherung<\/strong><br>Versicherungskammer Bayern<br>Maximilianstra\u00dfe 53<br>80530 M\u00fcnchner<\/p>\n\n\n\n<p>Der Versicherungsschutz bezieht sich nicht auf Haftpflichtanspr\u00fcche aus T\u00e4tigkeiten \u00fcber in anderen Staaten eingerichtete oder unterhaltene Kanzleien oder B\u00fcros, im Zusammenhang mit der Beratung und Besch\u00e4ftigung mit au\u00dfereurop\u00e4ischem Recht, des Rechtsanwalts vor au\u00dfereurop\u00e4ischen Gerichten.<\/p>\n\n\n\n<p><strong>Staat der Zulassung<\/strong><br>Bundesrepublik Deutschland<\/p>\n\n\n\n<p><strong>Gesetzliche Berufsbezeichnung<\/strong><br>Gabriele Dietrich ist als Rechtsanwalt in Deutschland zugelassen<\/p>\n\n\n\n<p><strong>Aufsichtseh\u00f6rde<\/strong><\/p>\n\n\n\n<p>Rechtsanwaltskammer M\u00fcnchen<br>Tal 33<br>80331 M\u00fcnchen<\/p>\n\n\n\n<p><strong>Berufliche Regelungen<\/strong><\/p>\n\n\n\n<p>Bundesrechtsanwaltsordnung (BRAO)<br>Berufsordnung f\u00fcr Rechtsanw\u00e4lte (BORA)<br>Fachanwaltsordnung (FAO)<br>Rechtsanwaltsverg\u00fctungsgesetz (RVG)<br>Bundesgeb\u00fchrenordnung f\u00fcr Rechtsanw\u00e4lte (BRAGO)<br>Berufsregeln der Rechtsanw\u00e4lte der Europ\u00e4ischen Gemeinschaft (CCBE)<\/p>\n\n\n\n<p>Diese Regelungen finden Sie auf den Internetseiten der Bundes\u00adrechts\u00adanwalts\u00adkammer unter&nbsp;<a href=\"http:\/\/www.brak.de\/\" target=\"_blank\" rel=\"noreferrer noopener\">http:\/\/www.brak.de<\/a>&nbsp;<\/p>\n","protected":false},"excerpt":{"rendered":"<p>Betreiber dieser Internetseite Gabriele DietrichRechtsanw\u00e4ltinMitglied der Rechtsanwaltskammer M\u00fcnchen Rechtsanw\u00e4ltin Gabriele Dietrich: Sitz: F\u00f6hrenstra\u00dfe 15, 82281 Egenhofen Telefon: 08134 93 59 506Telefax: 08134 93 59 507E-Mail: info@Anwaltskanzlei-Dietrich.de Steuer-Nr&nbsp;117\/211\/40409Finanzamt F\u00fcrstenfeldbruck BerufshaftpflichtversicherungVersicherungskammer BayernMaximilianstra\u00dfe [&hellip;]<\/p>\n","protected":false},"author":1,"featured_media":0,"parent":0,"menu_order":0,"comment_status":"closed","ping_status":"closed","template":"","meta":{"footnotes":""},"_links":{"self":[{"href":"https:\/\/anwaltskanzlei-dietrich.de\/index.php?rest_route=\/wp\/v2\/pages\/20"}],"collection":[{"href":"https:\/\/anwaltskanzlei-dietrich.de\/index.php?rest_route=\/wp\/v2\/pages"}],"about":[{"href":"https:\/\/anwaltskanzlei-dietrich.de\/index.php?rest_route=\/wp\/v2\/types\/page"}],"author":[{"embeddable":true,"href":"https:\/\/anwaltskanzlei-dietrich.de\/index.php?rest_route=\/wp\/v2\/users\/1"}],"replies":[{"embeddable":true,"href":"https:\/\/anwaltskanzlei-dietrich.de\/index.php?rest_route=%2Fwp%2Fv2%2Fcomments&post=20"}],"version-history":[{"count":2,"href":"https:\/\/anwaltskanzlei-dietrich.de\/index.php?rest_route=\/wp\/v2\/pages\/20\/revisions"}],"predecessor-version":[{"id":37,"href":"https:\/\/anwaltskanzlei-dietrich.de\/index.php?rest_route=\/wp\/v2\/pages\/20\/revisions\/37"}],"wp:attachment":[{"href":"https:\/\/anwaltskanzlei-dietrich.de\/index.php?rest_route=%2Fwp%2Fv2%2Fmedia&parent=20"}],"curies":[{"name":"wp","href":"https:\/\/api.w.org\/{rel}","templated":true}]}}