{"id":16,"date":"2023-09-20T16:36:20","date_gmt":"2023-09-20T16:36:20","guid":{"rendered":"https:\/\/anwaltskanzlei-dietrich.de\/?page_id=16"},"modified":"2023-09-22T10:18:33","modified_gmt":"2023-09-22T10:18:33","slug":"rechtsanwaeltin","status":"publish","type":"page","link":"https:\/\/anwaltskanzlei-dietrich.de\/","title":{"rendered":"Rechtsanw\u00e4ltin"},"content":{"rendered":"\n<p><strong>Gabriele Dietrich<\/strong><\/p>\n\n\n\n<p><strong>Rechtsanw\u00e4ltin und Fachanw\u00e4ltin f\u00fcr Miet- und  Wohnungseigentumsrecht<\/strong><\/p>\n\n\n\n<figure class=\"wp-block-image size-full is-resized\"><img decoding=\"async\" loading=\"lazy\" src=\"https:\/\/anwaltskanzlei-dietrich.de\/wp-content\/uploads\/2023\/09\/cropped-gabriele-dietrich-home.jpg\" alt=\"\" class=\"wp-image-18\" style=\"width:239px;height:239px\" width=\"239\" height=\"239\" srcset=\"https:\/\/anwaltskanzlei-dietrich.de\/wp-content\/uploads\/2023\/09\/cropped-gabriele-dietrich-home.jpg 512w, https:\/\/anwaltskanzlei-dietrich.de\/wp-content\/uploads\/2023\/09\/cropped-gabriele-dietrich-home-300x300.jpg 300w, https:\/\/anwaltskanzlei-dietrich.de\/wp-content\/uploads\/2023\/09\/cropped-gabriele-dietrich-home-150x150.jpg 150w, https:\/\/anwaltskanzlei-dietrich.de\/wp-content\/uploads\/2023\/09\/cropped-gabriele-dietrich-home-270x270.jpg 270w, https:\/\/anwaltskanzlei-dietrich.de\/wp-content\/uploads\/2023\/09\/cropped-gabriele-dietrich-home-192x192.jpg 192w, https:\/\/anwaltskanzlei-dietrich.de\/wp-content\/uploads\/2023\/09\/cropped-gabriele-dietrich-home-180x180.jpg 180w, https:\/\/anwaltskanzlei-dietrich.de\/wp-content\/uploads\/2023\/09\/cropped-gabriele-dietrich-home-32x32.jpg 32w\" sizes=\"(max-width: 239px) 100vw, 239px\" \/><\/figure>\n\n\n\n<p><strong>Die Kanzlei wurde bereits 2004 er\u00f6ffnet und versteht sich als modernes Beratungs- und Dientsleistungsunternehmen. Kundenzufriedenheit durch sorgf\u00e4ltige und kompetente Beratung ist oberstes Gebot. Hierf\u00fcr stehen der Kanzlei Experten aus verschiedenen Rechtsgebieten mit einen entsprechenden Erfahrungs- und Wissensschatz zur Verf\u00fcgung.<\/strong><\/p>\n\n\n\n<div class=\"wp-block-group is-layout-constrained wp-block-group-is-layout-constrained\"><div class=\"wp-block-group__inner-container\"><\/div><\/div>\n","protected":false},"excerpt":{"rendered":"<p>Gabriele Dietrich Rechtsanw\u00e4ltin und Fachanw\u00e4ltin f\u00fcr Miet- und Wohnungseigentumsrecht Die Kanzlei wurde bereits 2004 er\u00f6ffnet und versteht sich als modernes Beratungs- und Dientsleistungsunternehmen. Kundenzufriedenheit durch sorgf\u00e4ltige und kompetente Beratung ist [&hellip;]<\/p>\n","protected":false},"author":1,"featured_media":0,"parent":0,"menu_order":0,"comment_status":"closed","ping_status":"closed","template":"","meta":{"footnotes":""},"_links":{"self":[{"href":"https:\/\/anwaltskanzlei-dietrich.de\/index.php?rest_route=\/wp\/v2\/pages\/16"}],"collection":[{"href":"https:\/\/anwaltskanzlei-dietrich.de\/index.php?rest_route=\/wp\/v2\/pages"}],"about":[{"href":"https:\/\/anwaltskanzlei-dietrich.de\/index.php?rest_route=\/wp\/v2\/types\/page"}],"author":[{"embeddable":true,"href":"https:\/\/anwaltskanzlei-dietrich.de\/index.php?rest_route=\/wp\/v2\/users\/1"}],"replies":[{"embeddable":true,"href":"https:\/\/anwaltskanzlei-dietrich.de\/index.php?rest_route=%2Fwp%2Fv2%2Fcomments&post=16"}],"version-history":[{"count":6,"href":"https:\/\/anwaltskanzlei-dietrich.de\/index.php?rest_route=\/wp\/v2\/pages\/16\/revisions"}],"predecessor-version":[{"id":52,"href":"https:\/\/anwaltskanzlei-dietrich.de\/index.php?rest_route=\/wp\/v2\/pages\/16\/revisions\/52"}],"wp:attachment":[{"href":"https:\/\/anwaltskanzlei-dietrich.de\/index.php?rest_route=%2Fwp%2Fv2%2Fmedia&parent=16"}],"curies":[{"name":"wp","href":"https:\/\/api.w.org\/{rel}","templated":true}]}}